{"id":494,"date":"2023-04-12T08:50:53","date_gmt":"2023-04-12T05:50:53","guid":{"rendered":"https:\/\/demo.bravisthemes.com\/mrittik\/?page_id=494"},"modified":"2023-07-11T00:09:12","modified_gmt":"2023-07-10T21:09:12","slug":"projeler","status":"publish","type":"page","link":"https:\/\/uzunogluinsaat.com.tr\/en\/projeler\/","title":{"rendered":"Projects"},"content":{"rendered":"<div data-elementor-type=\"wp-page\" data-elementor-id=\"494\" class=\"elementor elementor-494\">\n\t\t\t\t\t\t\t        <section class=\"elementor-section elementor-top-section elementor-element elementor-element-272c13b elementor-section-boxed elementor-section-height-default elementor-section-height-default pxl-row-scroll-none pxl-show-grid-none pxl-section-bg-none\" data-id=\"272c13b\" data-element_type=\"section\">\n\n                \n                <div class=\"elementor-container elementor-column-gap-default\">\n                <div class=\"elementor-column elementor-col-100 elementor-top-column elementor-element elementor-element-442fbf4 pxl-column-none\" data-id=\"442fbf4\" data-element_type=\"column\">\r\n            <div class=\"elementor-widget-wrap elementor-element-populated\">\r\n                                    \t\t<div class=\"elementor-element elementor-element-35e574a pxl-post-layout-portfolio-1 elementor-widget elementor-widget-pxl_post_grid\" data-id=\"35e574a\" data-element_type=\"widget\" data-widget_type=\"pxl_post_grid.default\">\n\t\t\t\t<div class=\"elementor-widget-container\">\n\t\t\t\n<div id=\"pxl_post_grid-35e574a-8199\" class=\"pxl-grid pxl-portfolio-grid-layout1 pxl-check-scroll\" data-layout=\"masonry\" data-start-page=\"1\" data-max-pages=\"1\" data-total=\"3\" data-perpage=\"8\" data-next-link=\"\">\n            <div class=\"pxl-grid-filter pxl-grid-filter1\">\n            <div class=\"pxl-filter--inner\">\n                <span class=\"filter-item active\" data-filter=\"*\">ALL<\/span>\n                                                                            \n                    <span class=\"filter-item\" data-filter=\".konut\">\n                        HOUSE                    <\/span>\n                                                                            \n                    <span class=\"filter-item\" data-filter=\".villa\">\n                        VILLA                    <\/span>\n                                                                            \n                    <span class=\"filter-item\" data-filter=\".yazlik\">\n                        SUMMERY                    <\/span>\n                            <\/div>\n            <div class=\"filter-marker\"><\/div>\n        <\/div>\n        <div class=\"pxl-grid-inner pxl-grid-masonry row\" data-gutter=\"15\">\n        <div class=\"grid-sizer col-xl-6 col-lg-6 col-md-6 col-sm-6 col-12\"><\/div>\n                    <div class=\"pxl-grid-item col-xl-6 col-lg-6 col-md-6 col-sm-6 col-12 konut\">\n                <div class=\"pxl-item--inner\" data-wow-duration=\"1.2s\">\n                                            <div class=\"item--featured\">\n                            <img decoding=\"async\" width=\"864\" height=\"807\" src=\"https:\/\/uzunogluinsaat.com.tr\/wp-content\/uploads\/2023\/07\/6-1-e1689023656288.jpg\" class=\"no-lazyload attachment-full\" alt=\"\" \/>                        <\/div>\n                                        <div class=\"item--content\">\n                                                    <div class=\"item--tags\"><a href=\"https:\/\/uzunogluinsaat.com.tr\/en\/portfolio-tag\/konut\/\" rel=\"tag\">konut<\/a><\/div>\n                                                <h5 class=\"item--title\"><a href=\"https:\/\/uzunogluinsaat.com.tr\/en\/portfolio\/izmir-buca-konutlari\/\">\u0130zmir Buca Konutlar\u0131<\/a><\/h5>\n                                                    <div class=\"pxl-item--button\">\n                                <a class=\"item--button pxl-btn-line\" href=\"https:\/\/uzunogluinsaat.com.tr\/en\/portfolio\/izmir-buca-konutlari\/\">\n                                    <span class=\"btn-text\">\n                                        DETAILS                                    <\/span>\n                                    <span class=\"btn-icon\">\n                                        <span class=\"line\"><\/span>\n                                        <span class=\"circle\"><\/span>\n                                        <span class=\"dot\"><\/span>\n                                    <\/span>\n                                <\/a>\n                            <\/div>\n                                            <\/div>\n                <\/div>\n            <\/div>\n                    <div class=\"pxl-grid-item col-xl-6 col-lg-6 col-md-6 col-sm-6 col-12 yazlik\">\n                <div class=\"pxl-item--inner\" data-wow-duration=\"1.2s\">\n                                            <div class=\"item--featured\">\n                            <img decoding=\"async\" width=\"1200\" height=\"1168\" src=\"https:\/\/uzunogluinsaat.com.tr\/wp-content\/uploads\/2023\/05\/1-1-e1689023557469.jpeg\" class=\"no-lazyload attachment-full\" alt=\"\" \/>                        <\/div>\n                                        <div class=\"item--content\">\n                                                    <div class=\"item--tags\"><a href=\"https:\/\/uzunogluinsaat.com.tr\/en\/portfolio-tag\/yazlik\/\" rel=\"tag\">Summery<\/a><\/div>\n                                                <h5 class=\"item--title\"><a href=\"https:\/\/uzunogluinsaat.com.tr\/en\/portfolio\/bodrum-yazlik-projesi\/\">Mu\u011fla Bodrum Summer House Project<\/a><\/h5>\n                                                    <div class=\"pxl-item--button\">\n                                <a class=\"item--button pxl-btn-line\" href=\"https:\/\/uzunogluinsaat.com.tr\/en\/portfolio\/bodrum-yazlik-projesi\/\">\n                                    <span class=\"btn-text\">\n                                        DETAILS                                    <\/span>\n                                    <span class=\"btn-icon\">\n                                        <span class=\"line\"><\/span>\n                                        <span class=\"circle\"><\/span>\n                                        <span class=\"dot\"><\/span>\n                                    <\/span>\n                                <\/a>\n                            <\/div>\n                                            <\/div>\n                <\/div>\n            <\/div>\n                    <div class=\"pxl-grid-item col-xl-6 col-lg-6 col-md-6 col-sm-6 col-12 villa\">\n                <div class=\"pxl-item--inner\" data-wow-duration=\"1.2s\">\n                                            <div class=\"item--featured\">\n                            <img decoding=\"async\" width=\"1024\" height=\"543\" src=\"https:\/\/uzunogluinsaat.com.tr\/wp-content\/uploads\/2023\/05\/1.jpeg\" class=\"no-lazyload attachment-full\" alt=\"\" \/>                        <\/div>\n                                        <div class=\"item--content\">\n                                                    <div class=\"item--tags\"><a href=\"https:\/\/uzunogluinsaat.com.tr\/en\/portfolio-tag\/villa\/\" rel=\"tag\">villa<\/a><\/div>\n                                                <h5 class=\"item--title\"><a href=\"https:\/\/uzunogluinsaat.com.tr\/en\/portfolio\/urla-villa-projesi\/\">Izmir Urla Villa Project<\/a><\/h5>\n                                                    <div class=\"pxl-item--button\">\n                                <a class=\"item--button pxl-btn-line\" href=\"https:\/\/uzunogluinsaat.com.tr\/en\/portfolio\/urla-villa-projesi\/\">\n                                    <span class=\"btn-text\">\n                                        DETAILS                                    <\/span>\n                                    <span class=\"btn-icon\">\n                                        <span class=\"line\"><\/span>\n                                        <span class=\"circle\"><\/span>\n                                        <span class=\"dot\"><\/span>\n                                    <\/span>\n                                <\/a>\n                            <\/div>\n                                            <\/div>\n                <\/div>\n            <\/div>\n            <\/div>\n    <div class=\"pxl-grid-no-results\">No matching results.<\/div>\n            <div class=\"pxl-grid-pagination\" data-loadmore=\"{&quot;post_type&quot;:&quot;portfolio&quot;,&quot;layout&quot;:&quot;portfolio-1&quot;,&quot;layout_mode&quot;:&quot;masonry&quot;,&quot;startPage&quot;:1,&quot;maxPages&quot;:1,&quot;total&quot;:3,&quot;perpage&quot;:8,&quot;nextLink&quot;:&quot;&quot;,&quot;source&quot;:[&quot;konut|portfolio-category&quot;,&quot;villa|portfolio-category&quot;,&quot;yazlik|portfolio-category&quot;],&quot;orderby&quot;:&quot;date&quot;,&quot;order&quot;:&quot;desc&quot;,&quot;limit&quot;:8,&quot;post_ids&quot;:[],&quot;col_xl&quot;:6,&quot;col_lg&quot;:6,&quot;col_md&quot;:6,&quot;col_sm&quot;:6,&quot;col_xs&quot;:12,&quot;pagination_type&quot;:&quot;pagination&quot;,&quot;show_tag&quot;:&quot;true&quot;,&quot;show_button&quot;:&quot;true&quot;,&quot;button_text&quot;:&quot;DETAYLAR&quot;,&quot;img_size&quot;:&quot;&quot;,&quot;grid_masonry&quot;:&quot;&quot;,&quot;pxl_animate&quot;:&quot;&quot;,&quot;tax&quot;:[&quot;portfolio-category&quot;,&quot;portfolio-category&quot;,&quot;portfolio-category&quot;]}\" data-query=\"{&quot;post_type&quot;:&quot;portfolio&quot;,&quot;posts_per_page&quot;:8,&quot;order&quot;:&quot;desc&quot;,&quot;orderby&quot;:&quot;date&quot;,&quot;tax_query&quot;:{&quot;relation&quot;:&quot;OR&quot;,&quot;0&quot;:{&quot;taxonomy&quot;:&quot;portfolio-category&quot;,&quot;field&quot;:&quot;slug&quot;,&quot;operator&quot;:&quot;IN&quot;,&quot;terms&quot;:[&quot;konut&quot;]},&quot;1&quot;:{&quot;taxonomy&quot;:&quot;portfolio-category&quot;,&quot;field&quot;:&quot;slug&quot;,&quot;operator&quot;:&quot;IN&quot;,&quot;terms&quot;:[&quot;villa&quot;]},&quot;2&quot;:{&quot;taxonomy&quot;:&quot;portfolio-category&quot;,&quot;field&quot;:&quot;slug&quot;,&quot;operator&quot;:&quot;IN&quot;,&quot;terms&quot;:[&quot;yazlik&quot;]}},&quot;post__not_in&quot;:[494]}\">\n                    <\/div>\n        <\/div>\t\t<\/div>\n\t\t\t\t<\/div>\n\t\t\t\t\t<\/div>\n\t\t<\/div>\n\t\t\t\t\t\t\t<\/div>\n\t\t<\/section>\n\t\t\t\t\t\t\t<\/div>","protected":false},"excerpt":{"rendered":"<p>HEPS\u0130 KONUT V\u0130LLA YAZLIK konut \u0130zmir Buca Konutlar\u0131 DETAYLAR yazl\u0131k Mu\u011fla Bodrum Yazl\u0131k Projesi DETAYLAR villa \u0130zmir Urla Villa Projesi DETAYLAR No matching results.<\/p>","protected":false},"author":1,"featured_media":0,"parent":0,"menu_order":0,"comment_status":"closed","ping_status":"closed","template":"","meta":[],"_links":{"self":[{"href":"https:\/\/uzunogluinsaat.com.tr\/en\/wp-json\/wp\/v2\/pages\/494"}],"collection":[{"href":"https:\/\/uzunogluinsaat.com.tr\/en\/wp-json\/wp\/v2\/pages"}],"about":[{"href":"https:\/\/uzunogluinsaat.com.tr\/en\/wp-json\/wp\/v2\/types\/page"}],"author":[{"embeddable":true,"href":"https:\/\/uzunogluinsaat.com.tr\/en\/wp-json\/wp\/v2\/users\/1"}],"replies":[{"embeddable":true,"href":"https:\/\/uzunogluinsaat.com.tr\/en\/wp-json\/wp\/v2\/comments?post=494"}],"version-history":[{"count":22,"href":"https:\/\/uzunogluinsaat.com.tr\/en\/wp-json\/wp\/v2\/pages\/494\/revisions"}],"predecessor-version":[{"id":5800,"href":"https:\/\/uzunogluinsaat.com.tr\/en\/wp-json\/wp\/v2\/pages\/494\/revisions\/5800"}],"wp:attachment":[{"href":"https:\/\/uzunogluinsaat.com.tr\/en\/wp-json\/wp\/v2\/media?parent=494"}],"curies":[{"name":"wp","href":"https:\/\/api.w.org\/{rel}","templated":true}]}}